{"id":23,"date":"2025-03-06T18:49:41","date_gmt":"2025-03-06T21:49:41","guid":{"rendered":"https:\/\/gvcreacioness.com\/?page_id=23"},"modified":"2025-03-24T20:32:10","modified_gmt":"2025-03-24T23:32:10","slug":"nosotros","status":"publish","type":"page","link":"https:\/\/gvcreacioness.com\/?page_id=23","title":{"rendered":"Quien soy"},"content":{"rendered":"<p><em>Hola, hola!!<\/em><\/p>\n<p><img loading=\"lazy\" decoding=\"async\" class=\"size-medium wp-image-341 alignleft\" src=\"https:\/\/gvcreacioness.com\/wp-content\/uploads\/2025\/03\/YoCaricatura-230x300.jpg\" alt=\"\" width=\"230\" height=\"300\" srcset=\"https:\/\/gvcreacioness.com\/wp-content\/uploads\/2025\/03\/YoCaricatura-230x300.jpg 230w, https:\/\/gvcreacioness.com\/wp-content\/uploads\/2025\/03\/YoCaricatura.jpg 403w\" sizes=\"auto, (max-width: 230px) 100vw, 230px\" \/><\/p>\n<p>&nbsp;<\/p>\n<p>&nbsp;<\/p>\n<p>Soy Grecia Valentina, la creadora detr\u00e1s de Gv Creacioness \u2728. Mi amor por la papeler\u00eda naci\u00f3 desde que era ni\u00f1a, gracias a la influencia de mi madre en el mundo de las manualidades. Lo que comenz\u00f3 como un hobby, pronto se convirti\u00f3 en una pasi\u00f3n por crear detalles \u00fanicos para sorprender y alegrar a las personas que quieres, y esa pasi\u00f3n fue la que me impuls\u00f3 a iniciar este proyecto. \ud83d\udc96\u2702\ufe0f<\/p>\n<p>Tambi\u00e9n como pueden ver el apoyo de mi padre se hace evidente, me construy\u00f3 y subi\u00f3 a internet \u00e9sta hermosa p\u00e1gina web<\/p>\n<p>&nbsp;<\/p>\n","protected":false},"excerpt":{"rendered":"<p>Hola, hola!! &nbsp; &nbsp; Soy Grecia Valentina, la creadora detr\u00e1s de Gv Creacioness \u2728. Mi amor por la papeler\u00eda naci\u00f3 desde que era ni\u00f1a, gracias a la influencia de mi madre en el mundo de las manualidades. Lo que comenz\u00f3 como un hobby, pronto se convirti\u00f3 en una pasi\u00f3n por crear detalles \u00fanicos para sorprender [&hellip;]<\/p>\n","protected":false},"author":1,"featured_media":0,"parent":0,"menu_order":0,"comment_status":"closed","ping_status":"closed","template":"page-contenido-centrado.php","meta":{"_acf_changed":false,"footnotes":""},"class_list":["post-23","page","type-page","status-publish","hentry"],"acf":[],"_links":{"self":[{"href":"https:\/\/gvcreacioness.com\/index.php?rest_route=\/wp\/v2\/pages\/23","targetHints":{"allow":["GET"]}}],"collection":[{"href":"https:\/\/gvcreacioness.com\/index.php?rest_route=\/wp\/v2\/pages"}],"about":[{"href":"https:\/\/gvcreacioness.com\/index.php?rest_route=\/wp\/v2\/types\/page"}],"author":[{"embeddable":true,"href":"https:\/\/gvcreacioness.com\/index.php?rest_route=\/wp\/v2\/users\/1"}],"replies":[{"embeddable":true,"href":"https:\/\/gvcreacioness.com\/index.php?rest_route=%2Fwp%2Fv2%2Fcomments&post=23"}],"version-history":[{"count":8,"href":"https:\/\/gvcreacioness.com\/index.php?rest_route=\/wp\/v2\/pages\/23\/revisions"}],"predecessor-version":[{"id":343,"href":"https:\/\/gvcreacioness.com\/index.php?rest_route=\/wp\/v2\/pages\/23\/revisions\/343"}],"wp:attachment":[{"href":"https:\/\/gvcreacioness.com\/index.php?rest_route=%2Fwp%2Fv2%2Fmedia&parent=23"}],"curies":[{"name":"wp","href":"https:\/\/api.w.org\/{rel}","templated":true}]}}